{"id":18,"date":"2011-09-20T12:16:52","date_gmt":"2011-09-20T12:16:52","guid":{"rendered":"http:\/\/swissnanoconvention2012.ch\/content\/?page_id=18"},"modified":"2014-04-28T15:37:50","modified_gmt":"2014-04-28T15:37:50","slug":"organisation","status":"publish","type":"page","link":"https:\/\/swissnanoconvention.ch\/2014\/organisation\/","title":{"rendered":"Organisation"},"content":{"rendered":"<p>The Swiss Nanoconvention is organized annually by the Swiss MNT (micro &amp; nanotechnology) <span style=\"color: #333333;\">network.<\/span> The board of trustees (steering committee) is appointed by the Swiss MNT.<\/p>\n<p><span style=\"color: #333333;\">Conference chiairman: <strong>Jens Gobrecht<\/strong>, PSI and FHNW<br \/>\nCo-chairman and local co-organizer: <strong>Martin Bopp<\/strong>, Hightechzentrum Aargau<\/span><\/p>\n<h3>Steering Committee<\/h3>\n<ul>\n<li>Prof. Christian Sch\u00f6nenberger (Uni Basel)<\/li>\n<li>Prof. Alex Dommann (EMPA)<\/li>\n<li>Prof. Jens Gobrecht (PSI)<\/li>\n<li>Dr. Pierangelo Gr\u00f6ning (Empa)<\/li>\n<li>Prof. Christofer Hierold (ETHZ)<\/li>\n<li>Prof. Martina Hirayama (KTI, ZHAW)<\/li>\n<li>Prof. Heinrich Hofmann (EPFL)<\/li>\n<li>Dr. Andreas Schreiner (Novartis)<\/li>\n<li>Dr. Paul Seidler (IBM)<\/li>\n<\/ul>\n<h3>Program Committee<\/h3>\n<ul>\n<li>Pierangelo Gr\u00f6ning, EMPA<\/li>\n<li>Rudolf Buser, NTB<\/li>\n<li>Peter Seitz, Hamamatsu Photonics<\/li>\n<li>Hans Hug, EMPA<\/li>\n<li>Karl Knop, i4u<\/li>\n<li>Christopher Hierold, ETHZ<\/li>\n<li>Jerome Faist, ETHZ<\/li>\n<li>Christian Sch\u00f6nenberger, Univ. Basel<\/li>\n<li>Ernst Meyer, Univ. Basel<\/li>\n<li>Christoph Weder, AMI<\/li>\n<li>J\u00fcrgen Brugger, EPFL<\/li>\n<li>Nico de Rooij, EPFL<\/li>\n<li>Paul Seidler, IBM<\/li>\n<li>Jens Gobrecht, PSI<\/li>\n<\/ul>\n<h3>Organizing Committee<\/h3>\n<ul>\n<li>Philippe Fischer, FSRM and Swiss MNT board<\/li>\n<li>Karl Knop, Swiss MNT board and I4u<\/li>\n<li>Martin Bopp, Hightechzentrum Aargau<\/li>\n<li>Michael Hagmann, EMPA<\/li>\n<li>Markus Krack, FITT Aargau<\/li>\n<li>Giorgio Travaglini, PSI<\/li>\n<li>Marco Romanelli, Hightechzentrum Aargau<\/li>\n<li>J\u00fcrg G\u00fcttinger, Nationales Netzwerk Inn ovative Oberfl\u00e4chen<\/li>\n<li>Roger Roth, Rhytech<\/li>\n<li>Jan-Henning Fabian, ABB Schweiz<\/li>\n<li>Andreas Hafner, BASF Schweiz<\/li>\n<li>Andreas Schreiner, Novartis Schweiz<\/li>\n<li>Raymond Z\u00e4hringer, KTI<\/li>\n<li>Stefan Hengsberger, HESSO und Nanotechnologie Netzwerk FR<\/li>\n<li>Jens Gobrecht, PSI and FHNW<\/li>\n<\/ul>\n<p><!--\n\t\n\n<li>Prof. Alex Dommann (CSEM)<\/li>\n\n\n\t\n\n<li>Prof. Nico de Rooij (EPFL, CSEM)<\/li>\n\n\n\t\n\n<li>Dr. Pierangelo Gr\u00f6ning (EMPA)<\/li>\n\n\n\t\n\n<li>Prof. Heinrich Hofmann (EPFL)<\/li>\n\n\n\t\n\n<li>Dr. Bernat Palou (Innobridge)<\/li>\n\n\n\t\n\n<li>Flurina Schaffer (Euresearch)<\/li>\n\n\n\t\n\n<li>Dr. Marion Tobler (Euresearch)<\/li>\n\n\n\t\n\n<li>Beatriz Tur (CSEM)<\/li>\n\n\n--><\/p>\n","protected":false},"excerpt":{"rendered":"<p>The Swiss Nanoconvention is organized annually by the Swiss MNT (micro &amp; nanotechnology) network. The board of trustees (steering committee) is appointed by the Swiss MNT. Conference chiairman: Jens Gobrecht, PSI and FHNW Co-chairman and local co-organizer: Martin Bopp, Hightechzentrum &hellip; <a href=\"https:\/\/swissnanoconvention.ch\/2014\/organisation\/\">Continue reading <span class=\"meta-nav\">&rarr;<\/span><\/a><\/p>\n","protected":false},"author":1,"featured_media":0,"parent":0,"menu_order":1,"comment_status":"closed","ping_status":"open","template":"","meta":[],"_links":{"self":[{"href":"https:\/\/swissnanoconvention.ch\/2014\/wp-json\/wp\/v2\/pages\/18"}],"collection":[{"href":"https:\/\/swissnanoconvention.ch\/2014\/wp-json\/wp\/v2\/pages"}],"about":[{"href":"https:\/\/swissnanoconvention.ch\/2014\/wp-json\/wp\/v2\/types\/page"}],"author":[{"embeddable":true,"href":"https:\/\/swissnanoconvention.ch\/2014\/wp-json\/wp\/v2\/users\/1"}],"replies":[{"embeddable":true,"href":"https:\/\/swissnanoconvention.ch\/2014\/wp-json\/wp\/v2\/comments?post=18"}],"version-history":[{"count":16,"href":"https:\/\/swissnanoconvention.ch\/2014\/wp-json\/wp\/v2\/pages\/18\/revisions"}],"predecessor-version":[{"id":20,"href":"https:\/\/swissnanoconvention.ch\/2014\/wp-json\/wp\/v2\/pages\/18\/revisions\/20"}],"wp:attachment":[{"href":"https:\/\/swissnanoconvention.ch\/2014\/wp-json\/wp\/v2\/media?parent=18"}],"curies":[{"name":"wp","href":"https:\/\/api.w.org\/{rel}","templated":true}]}}