{"id":1067,"date":"2015-02-25T14:08:21","date_gmt":"2015-02-25T14:08:21","guid":{"rendered":"http:\/\/swissnanoconvention.ch\/2015\/?page_id=1067"},"modified":"2016-05-31T05:25:35","modified_gmt":"2016-05-31T05:25:35","slug":"accommodation","status":"publish","type":"page","link":"https:\/\/swissnanoconvention.ch\/2016\/accommodation\/","title":{"rendered":"Accommodation"},"content":{"rendered":"<p>If you need accommodation for the duration of the SNC 2016, we recommend the following hotels:<\/p>\n<p><a href=\"http:\/\/www.bildungszentrum-21.ch\/welcome\/?L=2\" target=\"_blank\">Bildungszentrum 21<\/a><br \/>\nMissionsstrasse 51<br \/>\nCH-4055 Basel<\/p>\n<p><a href=\"http:\/\/hotel-basel.dorint.com\/en\/\" target=\"_blank\">Dorint<\/a><br \/>\nSch\u00f6naustrasse 10<br \/>\nCH-4058 Basel<\/p>\n<p><a href=\"http:\/\/www.hotel-basel.ch\/en\/home\/\" target=\"_blank\">Hotel Basel<\/a><br \/>\nM\u00fcnzgasse 12<br \/>\nCH-4001 Basel<\/p>\n<p><a href=\"http:\/\/www.ramada.com\/hotels\/switzerland\/basel\/ramada-plaza-basel-conference-center\/hotel-overview\" target=\"_blank\">Ramada Plaza Basel<\/a><br \/>\nMesseplatz 12<br \/>\nCH-4058 Basel<\/p>\n<p><!--\nFor your convenience we have grouped the closest hotels to the SNC 2015 venue on this map. There are options for every budget. The number of stars should be visible in the hotel name when you click on the icon.\n\n<strong>How to book \u00a0??<\/strong>\n\nBooking a room should be made \u00a0directly with the hotel. You have 2 options:\n\n1. You can click on the hotel icon on the map below to see\/access the hotel web site and make directly a reservation. You may have to zoom on the SNC logo to view the closest hotels in downtown Neuch\u00e2tel.\u00a0<a href=\"https:\/\/www.google.com\/maps\/d\/u\/0\/viewer?mid=zj6tA43T5xrg.kYPjGF-3TzpY\" target=\"_blank\">Alternatively, a full-page version of this map can be seen here<\/a>.\n\n2. Alternatively, you can access the hotel list on booking.com and make your reservation using the booking.com platform. <a href=\"http:\/\/www.booking.com\/searchresults.html?checkin_monthday=27&amp;checkin_year_month=2015-5&amp;checkout_monthday=28&amp;checkout_year_month=2015-5&amp;city=-2553318&amp;class_interval=1&amp;csflt=%7B%7D&amp;dest_id=-2553318&amp;dest_type=city&amp;dtdisc=0&amp;group_adults=1&amp;group_children=0&amp;hlrd=0&amp;hyb_red=0&amp;inac=0&amp;nha_red=0&amp;no_rooms=1&amp;offset=0&amp;redirected_from_city=0&amp;redirected_from_landmark=0&amp;redirected_from_region=0&amp;review_score_group=empty&amp;score_min=0&amp;si=ai%2Cco%2Cci%2Cre%2Cdi&amp;src=searchresults&amp;ss=Neuch\u00e2tel&amp;ss_all=0&amp;ssb=empty&amp;sshis=0&amp;ssne=Neuch\u00e2tel&amp;ssne_untouched=Neuch\u00e2tel&amp;\" target=\"_blank\">The link is here<\/a>.\n\n&nbsp;\n\n<iframe src=\"https:\/\/www.google.com\/maps\/d\/u\/0\/embed?mid=zj6tA43T5xrg.kYPjGF-3TzpY\" width=\"740\" height=\"550\"><\/iframe>\n--><\/p>\n","protected":false},"excerpt":{"rendered":"<p>If you need accommodation for the duration of the SNC 2016, we recommend the following hotels: Bildungszentrum 21 Missionsstrasse 51 CH-4055 Basel Dorint Sch\u00f6naustrasse 10 CH-4058 Basel Hotel Basel M\u00fcnzgasse 12 CH-4001 Basel Ramada Plaza Basel Messeplatz 12 CH-4058 Basel<\/p>\n","protected":false},"author":1,"featured_media":0,"parent":0,"menu_order":0,"comment_status":"closed","ping_status":"closed","template":"","meta":[],"_links":{"self":[{"href":"https:\/\/swissnanoconvention.ch\/2016\/wp-json\/wp\/v2\/pages\/1067"}],"collection":[{"href":"https:\/\/swissnanoconvention.ch\/2016\/wp-json\/wp\/v2\/pages"}],"about":[{"href":"https:\/\/swissnanoconvention.ch\/2016\/wp-json\/wp\/v2\/types\/page"}],"author":[{"embeddable":true,"href":"https:\/\/swissnanoconvention.ch\/2016\/wp-json\/wp\/v2\/users\/1"}],"replies":[{"embeddable":true,"href":"https:\/\/swissnanoconvention.ch\/2016\/wp-json\/wp\/v2\/comments?post=1067"}],"version-history":[{"count":18,"href":"https:\/\/swissnanoconvention.ch\/2016\/wp-json\/wp\/v2\/pages\/1067\/revisions"}],"predecessor-version":[{"id":1682,"href":"https:\/\/swissnanoconvention.ch\/2016\/wp-json\/wp\/v2\/pages\/1067\/revisions\/1682"}],"wp:attachment":[{"href":"https:\/\/swissnanoconvention.ch\/2016\/wp-json\/wp\/v2\/media?parent=1067"}],"curies":[{"name":"wp","href":"https:\/\/api.w.org\/{rel}","templated":true}]}}