{"id":81,"date":"2019-01-08T10:22:15","date_gmt":"2019-01-08T10:22:15","guid":{"rendered":"http:\/\/swissnanoconvention.ch\/2019\/?page_id=81"},"modified":"2023-06-12T14:39:27","modified_gmt":"2023-06-12T14:39:27","slug":"technical-program","status":"publish","type":"page","link":"https:\/\/swissnanoconvention.ch\/2023\/technical-program\/","title":{"rendered":"Technical Program"},"content":{"rendered":"<p><span style=\"color: #800000;\"><em>\u00a0Last update: June 12, 2023<\/em><\/span><\/p>\n<p>Final Program<\/p>\n<p><span style=\"background-color: #ffff00;\"><span style=\"color: #0000ff;\"><em>Click on a speaker&#8217;s name to view bio and abstract<\/em><\/span><span style=\"color: #0000ff;\"><em>.<\/em><\/span><br \/>\n<\/span><\/p>\n\n<table id=\"tablepress-4\" class=\"tablepress tablepress-id-4\">\n<tbody>\n<tr class=\"row-1\">\n\t<td class=\"column-1\"><\/td><td class=\"column-2\"><\/td>\n<\/tr>\n<tr class=\"row-2\">\n\t<td class=\"column-1\"><b>Wednesday 14 June 2023<\/b> <\/td><td class=\"column-2\"><\/td>\n<\/tr>\n<tr class=\"row-3\">\n\t<td class=\"column-1\"><\/td><td class=\"column-2\"><\/td>\n<\/tr>\n<tr class=\"row-4\">\n\t<td class=\"column-1\"><\/td><td class=\"column-2\">Exhibition Setup<\/td>\n<\/tr>\n<tr class=\"row-5\">\n\t<td class=\"column-1\"><\/td><td class=\"column-2\"><\/td>\n<\/tr>\n<tr class=\"row-6\">\n\t<td class=\"column-1\"><b>Thursday 15 June 2023<\/b> <\/td><td class=\"column-2\"><\/td>\n<\/tr>\n<tr class=\"row-7\">\n\t<td class=\"column-1\">08:00<\/td><td class=\"column-2\">Registration Opens<\/td>\n<\/tr>\n<tr class=\"row-8\">\n\t<td class=\"column-1\">09:00 - 09:30<\/td><td class=\"column-2\"><span class=\"session-title\">Introduction and Welcome<\/span><br \/>\n<br \/>\n<b>Prof. Alexandra K\u00e4mpfer-Homsy<\/b>, <a href=\"https:\/\/www.he-arc.ch\/\" target=\"_blank\" rel=\"noopener\">HES-SO \/ He-Arc, Neuch\u00e2tel<\/a>, Switzerland<br \/>\n<br \/>\n<b>Dr. Michel Despont<\/b>, <a href=\"https:\/\/www.csem.ch\" target=\"_blank\" rel=\"noopener\">CSEM SA<\/a>, Switzerland <br \/>\n<br \/>\n<b>Mr. Alain Ribaux<\/b>, State Minister, <a href=\"https:\/\/www.ne.ch\/autorites\/CE\/organisation\/membres\/Pages\/Alain-Ribaux.aspx\" target=\"_blank\" rel=\"noopener\">Department of Economy, Security and Cultural Affairs, Canton of Neuch\u00e2tel<\/a>, Switzerland<br \/>\n<br \/>\n<\/td>\n<\/tr>\n<tr class=\"row-9\">\n\t<td class=\"column-1\">09:30 - 10:40<\/td><td class=\"column-2\"><span class=\"session-title\">Nano-imaging<\/span><br \/>\n<span class=\"chairs\">Chair: Prof. Yasin Ekinci, PSI<\/span><br \/>\n<span class=\"keynote-title\">KEYNOTE<\/span><br \/>\n<b><a class=\"speaker-link\" href=\"..\/speakers\/guizar\" target=\"_blank\" rel=\"noopener\">Prof. Manuel Guizar Sicairos<\/a><\/b>, Paul Scherrer Institute, Photon Science Division &amp; \u00c9cole polytechnique f\u00e9d\u00e9rale de Lausanne, Institute of Physics, Switzerland<br \/>\n<br \/>\n<img class=\"title-icon\" src=\"..\/media\/speaker-photos\/speaker-icon.png\" width=\"20\"><i>3D coherent lensless nanoimaging using X-ray synchrotron sources<\/i><br \/>\n<hr class=\"speakerdivide\"><br \/>\n<b><a class=\"speaker-link\" href=\"..\/speakers\/simoncic\" target=\"_blank\" rel=\"noopener\">Dr. Petra Simoncic<\/a><\/b>, Chief Innovation Officer, ELDICO Scientific AG, Switzerland<br \/>\n<br \/>\n<img class=\"title-icon\" src=\"..\/media\/speaker-photos\/speaker-icon.png\" width=\"20\"><i>Electron Diffraction \u2013 Structure Elucidation of Nano-Crystalline Materials<\/i><br \/>\n<hr class=\"speakerdivide\"><br \/>\n<b><a class=\"speaker-link\" href=\"..\/speakers\/abraham\" target=\"_blank\" rel=\"noopener\">Prof. Dr. Jan Pieter Abrahams<\/a><\/b>, Basel University, Biozentrum, Switzerland<br \/>\n<br \/>\n<img class=\"title-icon\" src=\"..\/media\/speaker-photos\/speaker-icon.png\" width=\"20\"><i>Cryo-EM of LonP1: a dynamic molecular machine<\/i><br \/>\n<br \/>\n<br \/>\n<\/td>\n<\/tr>\n<tr class=\"row-10\">\n\t<td class=\"column-1\">10:40 - 11:10<\/td><td class=\"column-2\">Coffee Break &amp; Exhibition Visit<\/td>\n<\/tr>\n<tr class=\"row-11\">\n\t<td class=\"column-1\">11:10 - 11:40<\/td><td class=\"column-2\"><span class=\"session-title\">G\u00fcntherodt Lecture<\/span><br \/>\n<span class=\"chairs\">Chair: Prof. Christian Sch\u00f6nenberger, SNI (University of Basel)<\/span><br \/>\n<span class=\"keynote-title\">KEYNOTE<\/span><br \/>\n<b><a class=\"speaker-link\" href=\"..\/speakers\/scheuring\" target=\"_blank\" rel=\"noopener\">Prof. Simon Scheuring<\/a><\/b>, Weill Cornell Medicine, Department of Anesthesiology, Department of Physiology &amp; Biophysics, USA<br \/>\n<br \/>\n<img class=\"title-icon\" src=\"..\/media\/speaker-photos\/speaker-icon.png\" width=\"20\"><i>High-speed atomic force microscopy captures conformational transitions and transient conformational states in membrane proteins<\/i><br \/>\n<br \/>\n<\/td>\n<\/tr>\n<tr class=\"row-12\">\n\t<td class=\"column-1\">11:40 - 12:50<\/td><td class=\"column-2\"><span class=\"session-title\">Advanced manufacturing at nanoscale<\/span><br \/>\n<span class=\"chairs\">Chair: Prof. Silvia Schintke,  HEIG-VD, HES-SO<\/span><br \/>\n<span class=\"keynote-title\">KEYNOTE<\/span><br \/>\n<b><a class=\"speaker-link\" href=\"..\/speakers\/yee\" target=\"_blank\" rel=\"noopener\">Prof. Daryl W. Yee<\/a><\/b>, EPFL, Institute of Electrical and Micro Engineering, Switzerland<br \/>\n<br \/>\n<img class=\"title-icon\" src=\"..\/media\/speaker-photos\/speaker-icon.png\" width=\"20\"><i>Hydrogel Infusion Additive Manufacturing: Simple Chemistries for Advanced Materials<\/i><br \/>\n<hr class=\"speakerdivide\"><br \/>\n<b><a class=\"speaker-link\" href=\"..\/speakers\/utke\" target=\"_blank\" rel=\"noopener\">Dr. Ivo Utke<\/a><\/b>, Empa, Swiss Federal Laboratories for Materials Science and Technology, Laboratory for Mechanics of Materials and Nanostructures, Switzerland<br \/>\n<br \/>\n<img class=\"title-icon\" src=\"..\/media\/speaker-photos\/speaker-icon.png\" width=\"20\"><i>High resolution 3D nanomaterials printing with focused electron beams<\/i><br \/>\n<hr class=\"speakerdivide\"><br \/>\n<b><a class=\"speaker-link\" href=\"..\/speakers\/bindschedler\" target=\"_blank\" rel=\"noopener\">Dr. Saskia Bindschedler<\/a><\/b>, University of Neuch\u00e2tel, Faculty of Sciences, Institute of Biology, Laboratory of Microbiology, Switzerland<br \/>\n<br \/>\n<img class=\"title-icon\" src=\"..\/media\/speaker-photos\/speaker-icon.png\" width=\"20\"><i>Microbial biodegradation of paper electronics as a waste valorization strategy?<\/i><br \/>\n<hr class=\"speakerdivide\"><br \/>\n<b><a class=\"speaker-link\" href=\"..\/speakers\/vaccaro\" target=\"_blank\" rel=\"noopener\">Dr. Andrea Vaccaro<\/a><\/b>, CTO, LS Instruments, Switzerland<br \/>\n<br \/>\n<img class=\"title-icon\" src=\"..\/media\/speaker-photos\/speaker-icon.png\" width=\"20\"><i>Advanced light scattering techniques for the characterization of novel materials.<\/i><br \/>\n<br \/>\n<br \/>\n<br \/>\n<\/td>\n<\/tr>\n<tr class=\"row-13\">\n\t<td class=\"column-1\">12:50 - 14:00<\/td><td class=\"column-2\">Lunch, Poster Session &amp; Exhibition Visit <\/td>\n<\/tr>\n<tr class=\"row-14\">\n\t<td class=\"column-1\">14:00 - 15:10<\/td><td class=\"column-2\"><span class=\"session-title\">Applied Industry Projects<\/span><br \/>\n<span class=\"chairs\">Chair: Dr. Marcus Morstein, Hightech Zentrum Aargau<\/span><br \/>\n<span class=\"keynote-title\">KEYNOTE<\/span><br \/>\n<b><a class=\"speaker-link\" href=\"..\/speakers\/traut\" target=\"_blank\" rel=\"noopener\">Silke Traut<\/a><\/b>, COO, Dectris AG, Switzerland<br \/>\n<br \/>\n<img class=\"title-icon\" src=\"..\/media\/speaker-photos\/speaker-icon.png\" width=\"20\"><i>Single X-Ray Photon and Electron Counting: Pushing the limits of detection technology<\/i><br \/>\n<hr class=\"speakerdivide\"><br \/>\n<b><a class=\"speaker-link\" href=\"..\/speakers\/voelkel\" target=\"_blank\" rel=\"noopener\">Dr. Reinhard V\u00f6lkel<\/a><\/b>, CEO SUSS MicroOptics, Neuch\u00e2tel, Switzerland<br \/>\n<br \/>\n<img class=\"title-icon\" src=\"..\/media\/speaker-photos\/speaker-icon.png\" width=\"20\"><i>Micro, Meta, Nano \u2013 the Planar Optics Revolution<\/i><br \/>\n<hr class=\"speakerdivide\"><br \/>\n<b><a class=\"speaker-link\" href=\"..\/speakers\/hogg\" target=\"_blank\" rel=\"noopener\">Dr. Andreas Hogg<\/a><\/b>, CEO, Coat-X SA, Switzerland<br \/>\n<br \/>\n<img class=\"title-icon\" src=\"..\/media\/speaker-photos\/speaker-icon.png\" width=\"20\"><i>Innovative parylene based PECVD\/ALD multilayer<br \/>\nwith optimized surface functionality based on nanomaterials<\/i><br \/>\n<hr class=\"speakerdivide\"><br \/>\n<b><a class=\"speaker-link\" href=\"..\/speakers\/doring\" target=\"_blank\" rel=\"noopener\">Dr. Florian D\u00f6ring<\/a><\/b>, CEO, XRnanotech , Switzerland<br \/>\n<br \/>\n<img class=\"title-icon\" src=\"..\/media\/speaker-photos\/speaker-icon.png\" width=\"20\"><i>Nanostructured Diffractive Optics \u2013 New Opportunities at Small Wavelengths<\/i><br \/>\n<br \/>\n<br \/>\n<\/td>\n<\/tr>\n<tr class=\"row-15\">\n\t<td class=\"column-1\">15:10 - 15:40<\/td><td class=\"column-2\">Coffee Break &amp; Exhibition Visit<\/td>\n<\/tr>\n<tr class=\"row-16\">\n\t<td class=\"column-1\">15:40 - 16:50<\/td><td class=\"column-2\"><span class=\"session-title\">Smart nanomaterials<\/span><br \/>\n<span class=\"chairs\">Chair:  Dr. Rapha\u00ebl Pugin, CSEM SA<\/span><br \/>\n<span class=\"keynote-title\">KEYNOTE<\/span><br \/>\n<b><a class=\"speaker-link\" href=\"..\/speakers\/boesel\" target=\"_blank\" rel=\"noopener\">Dr. Luciano Fernandes Boesel<\/a><\/b>, Swiss Federal Laboratories for Materials Science and Technology (Empa), Laboratory for Biomimetic Membranes and Textiles, Switzerland<br \/>\n<br \/>\n<img class=\"title-icon\" src=\"..\/media\/speaker-photos\/speaker-icon.png\" width=\"20\"><i>Nanostructured polymers for biomedical and energy-related applications<\/i><br \/>\n<hr class=\"speakerdivide\"><br \/>\n<b><a class=\"speaker-link\" href=\"..\/speakers\/milic\" target=\"_blank\" rel=\"noopener\">Prof. Jovana V. Mili\u0107<\/a><\/b>, Adolphe Merkle Institute, University of Fribourg, Switzerland<br \/>\n<br \/>\n<img class=\"title-icon\" src=\"..\/media\/speaker-photos\/speaker-icon.png\" width=\"20\"><i>Multifunctional Perovskite Materials for Smart Photovoltaics<\/i><br \/>\n<hr class=\"speakerdivide\"><br \/>\n<b><a class=\"speaker-link\" href=\"..\/speakers\/lefevre\" target=\"_blank\" rel=\"noopener\">Dr. Xavier Lef\u00e9vre<\/a><\/b>, Nanoscale Technology - CSEM SA, Switzerland<br \/>\n<br \/>\n<img class=\"title-icon\" src=\"..\/media\/speaker-photos\/speaker-icon.png\" width=\"20\"><i>Porous layers for environmental electrochemical sensors development<\/i><br \/>\n<hr class=\"speakerdivide\"><br \/>\n<b><a class=\"speaker-link\" href=\"..\/speakers\/oszajca\" target=\"_blank\" rel=\"noopener\">Dr. Marek Oszajca<\/a><\/b>, Avantama AG, Switzerland<br \/>\n<br \/>\n<img class=\"title-icon\" src=\"..\/media\/speaker-photos\/speaker-icon.png\" width=\"20\"><i>Perovskite Nanocrystals for Displays \u2013 from LCD to Micro-LED and QD-OLED<\/i><br \/>\n<br \/>\n<\/td>\n<\/tr>\n<tr class=\"row-17\">\n\t<td class=\"column-1\">16:50 - 18:30<\/td><td class=\"column-2\"><span class=\"session-title\">Poster Session with Aperitif<\/span><br \/>\n<br \/>\n<b>Kindly Sponsored by the <a href=\"https:\/\/www.neuchatelville.ch\/\" target=\"_blank\" rel=\"noopener\">City of Neuch\u00e2tel<\/a><\/b><br \/>\n<br \/>\n<div align=\"center\"><img src=\"\/2023\/wp-content\/uploads\/2023\/05\/ville_de_neuchatel_logo_vertical_coul.png\" width=\"275px\"><\/div><br \/><br \/>\n<br \/>\n<ul><br \/>\n<li>Dedicated poster session<br \/>\n<li>Networking Aperitif<br \/>\n<li>Vote for Best Poster Prizes<br \/>\n<\/ul><br \/>\n<\/td>\n<\/tr>\n<tr class=\"row-18\">\n\t<td class=\"column-1\">18:30<\/td><td class=\"column-2\">Adjourn for the Day<br \/>\n<\/td>\n<\/tr>\n<tr class=\"row-19\">\n\t<td class=\"column-1\">\u00a0<\/td><td class=\"column-2\"><\/td>\n<\/tr>\n<tr class=\"row-20\">\n\t<td class=\"column-1\"><b>Friday 16 June 2023<\/b><\/td><td class=\"column-2\"><\/td>\n<\/tr>\n<tr class=\"row-21\">\n\t<td class=\"column-1\">08:00<\/td><td class=\"column-2\">Registration Opens<\/td>\n<\/tr>\n<tr class=\"row-22\">\n\t<td class=\"column-1\">08:30 - 08:40<\/td><td class=\"column-2\"><span class=\"session-title\">Welcome<\/span><br \/>\n<br \/>\n<b>Mr. Didier Boillat<\/b>, City Councilor, <a href=\"https:\/\/www.neuchatelville.ch\/\" target=\"_blank\" rel=\"noopener\">City of Neuch\u00e2tel<\/a>, Switzerland<br \/>\n<br><\/td>\n<\/tr>\n<tr class=\"row-23\">\n\t<td class=\"column-1\">08:40 - 09:50<\/td><td class=\"column-2\"><span class=\"session-title\">Quantum Technologies<\/span><br \/>\n<span class=\"chairs\">Chair: Prof. Kirsten Moselund, PSI<\/span><br \/>\n<span class=\"keynote-title\">KEYNOTE<\/span><br \/>\n<b><a class=\"speaker-link\" href=\"..\/speakers\/zota\" target=\"_blank\" rel=\"noopener\">Dr. Cezar Zota<\/a><\/b>, IBM Research, R\u00fcschlikon, Switzerland<br \/>\n<br \/>\n<img class=\"title-icon\" src=\"..\/media\/speaker-photos\/speaker-icon.png\" width=\"20\"><i>Cryogenic electronics for quantum computing<\/i><br \/>\n<hr class=\"speakerdivide\"><br \/>\n<b><a class=\"speaker-link\" href=\"..\/speakers\/beneachelmus\" target=\"_blank\" rel=\"noopener\">Prof. Dr. Cristina Benea-Chelmus<\/a><\/b>, Hybrid Photonics Laboratory, EPFL, Switzerland<br \/>\n<br \/>\n<img class=\"title-icon\" src=\"..\/media\/speaker-photos\/speaker-icon.png\" width=\"20\"><i>Integrated photonic transducers<\/i><br \/>\n<hr class=\"speakerdivide\"><br \/>\n<b><a class=\"speaker-link\" href=\"..\/speakers\/grimm\" target=\"_blank\" rel=\"noopener\">Dr. Alexander Grimm<\/a><\/b>, Bosonic Quantum Information Group, PSI, Switzerland<br \/>\n<br \/>\n<img class=\"title-icon\" src=\"..\/media\/speaker-photos\/speaker-icon.png\" width=\"20\"><i>Nanofabrication aspects of bosonic quantum information processing with Schr\u00f6dinger-cat qubits<\/i><br \/>\n<hr class=\"speakerdivide\"><br \/>\n<b><a class=\"speaker-link\" href=\"..\/speakers\/nordmann\" target=\"_blank\" rel=\"noopener\">Marco Nordmann<\/a><\/b>, Qnami AG, Switzerland<br \/>\n<br \/>\n<img class=\"title-icon\" src=\"..\/media\/speaker-photos\/speaker-icon.png\" width=\"20\"><i>Qnami ProteusQ: A commercial solution unlocking magnetic field measurments in nanoscale magnetic materials<\/i><br \/>\n<br \/>\n<!--<i>Other speakers to be confirmed<\/i>--><\/td>\n<\/tr>\n<tr class=\"row-24\">\n\t<td class=\"column-1\">09:50 - 10:20<\/td><td class=\"column-2\">Coffee &amp; Exhibition Visit<\/td>\n<\/tr>\n<tr class=\"row-25\">\n\t<td class=\"column-1\">10:20 - 11:20<\/td><td class=\"column-2\"><span class=\"session-title\">Start-up Competition<\/span><br \/>\n<span class=\"chairs\">Chair: Dr. Lorenz Herrmann, Empa<\/span><br \/>\n<strong>Participating Companies:<\/strong><br \/>\n<ul style=\"font-weight:bold;\"><br \/>\n<li><a href=\"https:\/\/www.xrnanotech.com\/\" rel=\"noopener\" target=\"_blank\">XRnanotech<\/a><br \/>\n<li><a href=\"https:\/\/www.swisscluster.com\/\" rel=\"noopener\" target=\"_blank\">SwissCluster<\/a><br \/>\n<li><a href=\"https:\/\/incaptek.com\/\" rel=\"noopener\" target=\"_blank\">INCAPTEK<\/a><br \/>\n<li><a href=\"https:\/\/www.mimixbio.com\/\" rel=\"noopener\" target=\"_blank\">mimiX-Bio<\/a><br \/>\n<li><a href=\"https:\/\/www.nanolockin.com\/\" rel=\"noopener\" target=\"_blank\">NanoLockin<\/a><br \/>\n<\/ul><span style=\"font-weight:bold;\">Session and prize sponsored by the Swiss MNT Network<\/span><br \/>\n<br \/>\n<div align=\"center\"><img width=\"200px;\" src=\"\/2018\/wp-content\/uploads\/2017\/12\/swiss-mnt-color-e1512566693959.jpg\" alt=\"Swiss MNT logo\" \/><br \/>\n<\/div><br \/>\n<br \/>\n<\/td>\n<\/tr>\n<tr class=\"row-26\">\n\t<td class=\"column-1\">11:20 - 12:30<\/td><td class=\"column-2\"><span class=\"session-title\">Podium Discussion<\/span><br \/>\n<span class=\"chairs\">Chairs: Dr. Michel Despont, CSEM SA &amp; Dr. Cemal Aydogan,  Hitachi Energy<\/span><br \/>\n<b><u>Topic<\/u>: The Swiss flavour of the Chip Act<\/b><br \/>\n<br \/>\n<b><u>Confirmed Panelists<\/u>:<\/b><br \/>\n<ul><br \/>\n<li><b>Tobias Keller<\/b> (Hitachi Energy, Vice President)<br \/>\n<li><b>Alain-Serge Porret<\/b> (CSEM, Vice President)<br \/>\n<li><b>Maximilian Rothenberger<\/b> (Spacetek AG, CCO)<br \/>\n<li><b>Maurus Tschirky<\/b> (Evatec, Strategic Marketing Manager)<br \/>\n<li><b>Reinhard V\u00f6lkel<\/b> (S\u00fcssMicrooptics, CEO)<br \/>\n<li><b>Michael Zickar<\/b> (VAT Vakuumventile AG, Vice President R&amp;D)<br \/>\n<\/ul><\/td>\n<\/tr>\n<tr class=\"row-27\">\n\t<td class=\"column-1\">12:30 - 14:00<\/td><td class=\"column-2\">Lunch, Poster Session &amp; Exhibition Visit <\/td>\n<\/tr>\n<tr class=\"row-28\">\n\t<td class=\"column-1\">14:00 - 15:10<\/td><td class=\"column-2\"><span class=\"session-title\">Nanophotonics and nano-optics<\/span><br \/>\n<span class=\"chairs\">Chair: Prof. Alexandra K\u00e4mpfer-Homsy, HES-SO \/ He-Arc, Neuch\u00e2tel<\/span><br \/>\n<span class=\"keynote-title\">KEYNOTE<\/span><br \/>\n<b><a class=\"speaker-link\" href=\"..\/speakers\/tagliabue\" target=\"_blank\" rel=\"noopener\">Prof. Giulia Tagliabue<\/a><\/b>, Laboratory of Nanoscience for Energy Technologies (LNET \u2013 IGM \u2013 STI), EPFL, Switzerland<br \/>\n<br \/>\n<img class=\"title-icon\" src=\"..\/media\/speaker-photos\/speaker-icon.png\" width=\"20\"><i>Controlling Charge and Heat Generation with Photonic Metasurfaces<\/i><br \/>\n<hr class=\"speakerdivide\"><br \/>\n<b><a class=\"speaker-link\" href=\"..\/speakers\/zardo\" target=\"_blank\" rel=\"noopener\">Prof. Dr. Ilaria Zardo<\/a><\/b>, Nanophononics Lab, Departments of Physics and Swiss Nanoscience Institute, University of Basel, Switzerland<br \/>\n<br \/>\n<img class=\"title-icon\" src=\"..\/media\/speaker-photos\/speaker-icon.png\" width=\"20\"><i>Investigating phonons and thermal transport by inelastic light scattering and pump-probe spectroscopy<\/i><br \/>\n<hr class=\"speakerdivide\"><br \/>\n<b><a class=\"speaker-link\" href=\"..\/speakers\/sanzpaz\" target=\"_blank\" rel=\"noopener\">Dr. Maria Sanz-Paz<\/a><\/b>, Department of Physics, University of Fribourg, Switzerland<br \/>\n<br \/>\n<img class=\"title-icon\" src=\"..\/media\/speaker-photos\/speaker-icon.png\" width=\"20\"><i>DNA-Templated Ultracompact Optical Antennas for Unidirectional Single-Molecule Emission<\/i><br \/>\n<hr class=\"speakerdivide\"><br \/>\n<b><a class=\"speaker-link\" href=\"..\/speakers\/basset\" target=\"_blank\" rel=\"noopener\">Dr. Guillaume Basset<\/a><\/b>, Micro-Nano Optics, CSEM SA, Switzerland<br \/>\n<br \/>\n<img class=\"title-icon\" src=\"..\/media\/speaker-photos\/speaker-icon.png\" width=\"20\"><i>Manufacturing advanced micro and nano optics for quantum devices<\/i><br \/>\n<br \/>\n<br \/>\n<br \/>\n<\/td>\n<\/tr>\n<tr class=\"row-29\">\n\t<td class=\"column-1\">15:10 - 15:40<\/td><td class=\"column-2\">Coffee &amp; Exhibition Visit<\/td>\n<\/tr>\n<tr class=\"row-30\">\n\t<td class=\"column-1\">15:40 - 16:50<\/td><td class=\"column-2\"><span class=\"session-title\">Nanotechnology for Medtech<\/span><br \/>\n<span class=\"chairs\">Chair: Prof. Barbara Rothen-Rutishauser, AMI Uni-FR<\/span><br \/>\n<span class=\"keynote-title\">KEYNOTE<\/span><br \/>\n<b><a class=\"speaker-link\" href=\"..\/speakers\/rossi\" target=\"_blank\" rel=\"noopener\">Prof. Dr. Rene Rossi<\/a><\/b>, Laboratory for Biomimetic Membranes and Textiles, Swiss Federal Laboratories for Materials Science and Technology (Empa), Switzerland<br \/>\n<br \/>\n<img class=\"title-icon\" src=\"..\/media\/speaker-photos\/speaker-icon.png\" width=\"20\"><i>Smart fibers for sensing and drug delivery applications<\/i><br \/>\n<hr class=\"speakerdivide\"><br \/>\n<b><a class=\"speaker-link\" href=\"..\/speakers\/tagit\" target=\"_blank\" rel=\"noopener\">Prof. Dr. Oya Tagit<\/a><\/b>, Head of the Group Biointerfaces, Swiss Nanoscience Institute (SNI) &amp; Executive Committee Member; University of Applied Sciences and Arts Northwestern Switzerland, School of Life Sciences - Institute of Chemistry and Bioanalytics, Switzerland<br \/>\n<br \/>\n<img class=\"title-icon\" src=\"..\/media\/speaker-photos\/speaker-icon.png\" width=\"20\"><i>Immunomodulatory nanomedicines development: from bench to the bedside<\/i><br \/>\n<hr class=\"speakerdivide\"><br \/>\n<b><a class=\"speaker-link\" href=\"..\/speakers\/delamarche\" target=\"_blank\" rel=\"noopener\">Dr. Emmanuel Delamarche<\/a><\/b>, Senior Manager, Spiden AG, Switzerland<br \/>\n<br \/>\n<img class=\"title-icon\" src=\"..\/media\/speaker-photos\/speaker-icon.png\" width=\"20\"><i>Ultraminiaturized bio-assays by bending liquids<\/i><br \/>\n<hr class=\"speakerdivide\"><br \/>\n<b><a class=\"speaker-link\" href=\"..\/speakers\/pennathur\" target=\"_blank\" rel=\"noopener\">Prof. Sumita Pennathur<\/a><\/b>, UC Santa Barbara; CEO LAXMI therapeutic devices, USA<br \/>\n<br \/>\n<img class=\"title-icon\" src=\"..\/media\/speaker-photos\/speaker-icon.png\" width=\"20\"><i>From in-vitro to implantable medical devices -- where technology can make a difference.<\/i><br \/>\n<br \/>\n<br \/>\n<\/td>\n<\/tr>\n<tr class=\"row-31\">\n\t<td class=\"column-1\"><\/td><td class=\"column-2\"><\/td>\n<\/tr>\n<tr class=\"row-32\">\n\t<td class=\"column-1\">16:50 - 17:20<\/td><td class=\"column-2\"><span class=\"session-title\">Awards Ceremony<\/span><br \/>\n<span class=\"chairs\">Chairs: <br><br \/>\nProf. Alexandra K\u00e4mpfer-Homsy, HES-SO \/ He-Arc, Neuch\u00e2tel. MNT Board, SNC 2023 co-Chair<br><br \/>\nMichel Despont (CSEM). Swiss MNT Board, SNC 2023 co-Chair<br \/>\n<\/span><br \/>\n<ol><br \/>\n<li><b>Image Contest Award<\/b><br>Presented by Dr. Michel Despont, CSEM<br><br \/>\n<li><b>Best Poster Awards<\/b><br>Presented by Prof. Alexandra K\u00e4mpfer-Homsy, HES-SO \/ He-Arc, Neuch\u00e2tel  &amp; Prof. Silvia Schintke, HEIG-VD, HES-SO<br><br \/>\n<li><b>Swiss Nanotechnology Start-Up Prize<\/b><br> Presented by Dr. Lorenz Herrmann, Empa<br><br \/>\n<li><b>Swiss Nanotechnology PhD Awards 2023<\/b><br>Presented by Prof. Christian Sch\u00f6nenberger, SNI (University of Basel)<br \/>\n<\/ol><br \/>\n<br \/>\n<\/td>\n<\/tr>\n<tr class=\"row-33\">\n\t<td class=\"column-1\">17:20 - 17:30<\/td><td class=\"column-2\"><span class=\"session-title\">Final Remarks<\/span><br \/>\n<br \/>\n<p>Conference wrap-up and announcement of SNC 2024<\/p> <br \/>\n<br \/>\n<\/td>\n<\/tr>\n<tr class=\"row-34\">\n\t<td class=\"column-1\">17:30<\/td><td class=\"column-2\">Conference Adjourns &amp; Light Farewell Reception<br \/>\n<\/td>\n<\/tr>\n<tr class=\"row-35\">\n\t<td class=\"column-1\"><\/td><td class=\"column-2\"><\/td>\n<\/tr>\n<tr class=\"row-36\">\n\t<td class=\"column-1\"><\/td><td class=\"column-2\"><\/td>\n<\/tr>\n<\/tbody>\n<\/table>\n<!-- #tablepress-4 from cache -->\n<p>&nbsp;<\/p>\n<hr \/>\n<p><img loading=\"lazy\" class=\"size-large wp-image-1060 aligncenter\" src=\"https:\/\/swissnanoconvention.ch\/2023\/wp-content\/uploads\/2022\/10\/SNC_2015_Anja_Fonseka_009_web-1024x681.jpg\" alt=\"\" width=\"750\" height=\"499\" srcset=\"https:\/\/swissnanoconvention.ch\/2023\/wp-content\/uploads\/2022\/10\/SNC_2015_Anja_Fonseka_009_web-1024x681.jpg 1024w, https:\/\/swissnanoconvention.ch\/2023\/wp-content\/uploads\/2022\/10\/SNC_2015_Anja_Fonseka_009_web-300x200.jpg 300w, https:\/\/swissnanoconvention.ch\/2023\/wp-content\/uploads\/2022\/10\/SNC_2015_Anja_Fonseka_009_web-768x511.jpg 768w, https:\/\/swissnanoconvention.ch\/2023\/wp-content\/uploads\/2022\/10\/SNC_2015_Anja_Fonseka_009_web.jpg 1200w\" sizes=\"(max-width: 750px) 100vw, 750px\" \/><\/p>\n<p><img loading=\"lazy\" class=\"size-large wp-image-1061 aligncenter\" src=\"https:\/\/swissnanoconvention.ch\/2023\/wp-content\/uploads\/2022\/10\/SNC_2015_Anja_Fonseka_020_web-1024x681.jpg\" alt=\"\" width=\"750\" height=\"499\" srcset=\"https:\/\/swissnanoconvention.ch\/2023\/wp-content\/uploads\/2022\/10\/SNC_2015_Anja_Fonseka_020_web-1024x681.jpg 1024w, https:\/\/swissnanoconvention.ch\/2023\/wp-content\/uploads\/2022\/10\/SNC_2015_Anja_Fonseka_020_web-300x200.jpg 300w, https:\/\/swissnanoconvention.ch\/2023\/wp-content\/uploads\/2022\/10\/SNC_2015_Anja_Fonseka_020_web-768x511.jpg 768w, https:\/\/swissnanoconvention.ch\/2023\/wp-content\/uploads\/2022\/10\/SNC_2015_Anja_Fonseka_020_web.jpg 1200w\" sizes=\"(max-width: 750px) 100vw, 750px\" \/><\/p>\n<p>&nbsp;<\/p>\n","protected":false},"excerpt":{"rendered":"<p>\u00a0Last update: June 12, 2023 Final Program Click on a speaker&#8217;s name to view bio and abstract. &nbsp; &nbsp;<\/p>\n","protected":false},"author":5,"featured_media":0,"parent":0,"menu_order":0,"comment_status":"closed","ping_status":"closed","template":"","meta":[],"_links":{"self":[{"href":"https:\/\/swissnanoconvention.ch\/2023\/wp-json\/wp\/v2\/pages\/81"}],"collection":[{"href":"https:\/\/swissnanoconvention.ch\/2023\/wp-json\/wp\/v2\/pages"}],"about":[{"href":"https:\/\/swissnanoconvention.ch\/2023\/wp-json\/wp\/v2\/types\/page"}],"author":[{"embeddable":true,"href":"https:\/\/swissnanoconvention.ch\/2023\/wp-json\/wp\/v2\/users\/5"}],"replies":[{"embeddable":true,"href":"https:\/\/swissnanoconvention.ch\/2023\/wp-json\/wp\/v2\/comments?post=81"}],"version-history":[{"count":63,"href":"https:\/\/swissnanoconvention.ch\/2023\/wp-json\/wp\/v2\/pages\/81\/revisions"}],"predecessor-version":[{"id":1717,"href":"https:\/\/swissnanoconvention.ch\/2023\/wp-json\/wp\/v2\/pages\/81\/revisions\/1717"}],"wp:attachment":[{"href":"https:\/\/swissnanoconvention.ch\/2023\/wp-json\/wp\/v2\/media?parent=81"}],"curies":[{"name":"wp","href":"https:\/\/api.w.org\/{rel}","templated":true}]}}